{"id":186,"date":"2023-09-19T13:45:44","date_gmt":"2023-09-19T13:45:44","guid":{"rendered":"https:\/\/flightcaselabels.design\/product\/taille-detiquette-personnalisee\/"},"modified":"2023-09-19T13:45:44","modified_gmt":"2023-09-19T13:45:44","slug":"custom-label-size","status":"publish","type":"product","link":"https:\/\/flightcaselabels.design\/fr\/produit\/custom-label-size\/","title":{"rendered":"Taille d&rsquo;\u00e9tiquette personnalis\u00e9e"},"content":{"rendered":"<section class=\"container-xxl\">Produit qui permet de remplir un format personnalis\u00e9 !<\/section>\n","protected":false},"excerpt":{"rendered":"<p>Format d&rsquo;\u00e9tiquette personnalis\u00e9<\/p>\n","protected":false},"featured_media":0,"comment_status":"open","ping_status":"closed","template":"","meta":{"_acf_changed":false},"product_brand":[],"product_cat":[37],"product_tag":[],"class_list":{"0":"post-186","1":"product","2":"type-product","3":"status-publish","5":"product_cat-modeles","7":"first","8":"instock","9":"taxable","10":"shipping-taxable","11":"purchasable","12":"product-type-simple"},"acf":[],"yoast_head":"<!-- This site is optimized with the Yoast SEO plugin v24.3 - https:\/\/yoast.com\/wordpress\/plugins\/seo\/ -->\n<title>Taille d&#039;\u00e9tiquette personnalis\u00e9e - Flightcaselabels Configurator<\/title>\n<meta name=\"robots\" content=\"index, follow, max-snippet:-1, max-image-preview:large, max-video-preview:-1\" \/>\n<link rel=\"canonical\" href=\"https:\/\/flightcaselabels.design\/produit\/custom-label-size\/\" \/>\n<meta property=\"og:locale\" content=\"fr_FR\" \/>\n<meta property=\"og:type\" content=\"article\" \/>\n<meta property=\"og:title\" content=\"Taille d&#039;\u00e9tiquette personnalis\u00e9e - Flightcaselabels Configurator\" \/>\n<meta property=\"og:description\" content=\"Format d&#039;\u00e9tiquette personnalis\u00e9\" \/>\n<meta property=\"og:url\" content=\"https:\/\/flightcaselabels.design\/produit\/custom-label-size\/\" \/>\n<meta property=\"og:site_name\" content=\"Flightcaselabels Configurator\" \/>\n<meta name=\"twitter:card\" content=\"summary_large_image\" \/>\n<script type=\"application\/ld+json\" class=\"yoast-schema-graph\">{\"@context\":\"https:\/\/schema.org\",\"@graph\":[{\"@type\":\"WebPage\",\"@id\":\"https:\/\/flightcaselabels.design\/produit\/custom-label-size\/\",\"url\":\"https:\/\/flightcaselabels.design\/produit\/custom-label-size\/\",\"name\":\"Taille d'\u00e9tiquette personnalis\u00e9e - Flightcaselabels Configurator\",\"isPartOf\":{\"@id\":\"https:\/\/flightcaselabels.design\/de\/#website\"},\"datePublished\":\"2023-09-19T13:45:44+00:00\",\"dateModified\":\"2023-09-19T13:45:44+00:00\",\"breadcrumb\":{\"@id\":\"https:\/\/flightcaselabels.design\/produit\/custom-label-size\/#breadcrumb\"},\"inLanguage\":\"fr-FR\",\"potentialAction\":[{\"@type\":\"ReadAction\",\"target\":[\"https:\/\/flightcaselabels.design\/produit\/custom-label-size\/\"]}]},{\"@type\":\"BreadcrumbList\",\"@id\":\"https:\/\/flightcaselabels.design\/produit\/custom-label-size\/#breadcrumb\",\"itemListElement\":[{\"@type\":\"ListItem\",\"position\":1,\"name\":\"Home\",\"item\":\"https:\/\/flightcaselabels.design\/fr\/\"},{\"@type\":\"ListItem\",\"position\":2,\"name\":\"Boutique\",\"item\":\"https:\/\/flightcaselabels.design\/shop\/\"},{\"@type\":\"ListItem\",\"position\":3,\"name\":\"Taille d&#8217;\u00e9tiquette personnalis\u00e9e\"}]},{\"@type\":\"WebSite\",\"@id\":\"https:\/\/flightcaselabels.design\/de\/#website\",\"url\":\"https:\/\/flightcaselabels.design\/de\/\",\"name\":\"Flightcaselabels Configurator\",\"description\":\"Design &amp; order your own labels today!\",\"potentialAction\":[{\"@type\":\"SearchAction\",\"target\":{\"@type\":\"EntryPoint\",\"urlTemplate\":\"https:\/\/flightcaselabels.design\/de\/?s={search_term_string}\"},\"query-input\":{\"@type\":\"PropertyValueSpecification\",\"valueRequired\":true,\"valueName\":\"search_term_string\"}}],\"inLanguage\":\"fr-FR\"}]}<\/script>\n<!-- \/ Yoast SEO plugin. -->","yoast_head_json":{"title":"Taille d'\u00e9tiquette personnalis\u00e9e - Flightcaselabels Configurator","robots":{"index":"index","follow":"follow","max-snippet":"max-snippet:-1","max-image-preview":"max-image-preview:large","max-video-preview":"max-video-preview:-1"},"canonical":"https:\/\/flightcaselabels.design\/produit\/custom-label-size\/","og_locale":"fr_FR","og_type":"article","og_title":"Taille d'\u00e9tiquette personnalis\u00e9e - Flightcaselabels Configurator","og_description":"Format d'\u00e9tiquette personnalis\u00e9","og_url":"https:\/\/flightcaselabels.design\/produit\/custom-label-size\/","og_site_name":"Flightcaselabels Configurator","twitter_card":"summary_large_image","schema":{"@context":"https:\/\/schema.org","@graph":[{"@type":"WebPage","@id":"https:\/\/flightcaselabels.design\/produit\/custom-label-size\/","url":"https:\/\/flightcaselabels.design\/produit\/custom-label-size\/","name":"Taille d'\u00e9tiquette personnalis\u00e9e - Flightcaselabels Configurator","isPartOf":{"@id":"https:\/\/flightcaselabels.design\/de\/#website"},"datePublished":"2023-09-19T13:45:44+00:00","dateModified":"2023-09-19T13:45:44+00:00","breadcrumb":{"@id":"https:\/\/flightcaselabels.design\/produit\/custom-label-size\/#breadcrumb"},"inLanguage":"fr-FR","potentialAction":[{"@type":"ReadAction","target":["https:\/\/flightcaselabels.design\/produit\/custom-label-size\/"]}]},{"@type":"BreadcrumbList","@id":"https:\/\/flightcaselabels.design\/produit\/custom-label-size\/#breadcrumb","itemListElement":[{"@type":"ListItem","position":1,"name":"Home","item":"https:\/\/flightcaselabels.design\/fr\/"},{"@type":"ListItem","position":2,"name":"Boutique","item":"https:\/\/flightcaselabels.design\/shop\/"},{"@type":"ListItem","position":3,"name":"Taille d&#8217;\u00e9tiquette personnalis\u00e9e"}]},{"@type":"WebSite","@id":"https:\/\/flightcaselabels.design\/de\/#website","url":"https:\/\/flightcaselabels.design\/de\/","name":"Flightcaselabels Configurator","description":"Design &amp; order your own labels today!","potentialAction":[{"@type":"SearchAction","target":{"@type":"EntryPoint","urlTemplate":"https:\/\/flightcaselabels.design\/de\/?s={search_term_string}"},"query-input":{"@type":"PropertyValueSpecification","valueRequired":true,"valueName":"search_term_string"}}],"inLanguage":"fr-FR"}]}},"_links":{"self":[{"href":"https:\/\/flightcaselabels.design\/fr\/wp-json\/wp\/v2\/product\/186","targetHints":{"allow":["GET"]}}],"collection":[{"href":"https:\/\/flightcaselabels.design\/fr\/wp-json\/wp\/v2\/product"}],"about":[{"href":"https:\/\/flightcaselabels.design\/fr\/wp-json\/wp\/v2\/types\/product"}],"replies":[{"embeddable":true,"href":"https:\/\/flightcaselabels.design\/fr\/wp-json\/wp\/v2\/comments?post=186"}],"wp:attachment":[{"href":"https:\/\/flightcaselabels.design\/fr\/wp-json\/wp\/v2\/media?parent=186"}],"wp:term":[{"taxonomy":"product_brand","embeddable":true,"href":"https:\/\/flightcaselabels.design\/fr\/wp-json\/wp\/v2\/product_brand?post=186"},{"taxonomy":"product_cat","embeddable":true,"href":"https:\/\/flightcaselabels.design\/fr\/wp-json\/wp\/v2\/product_cat?post=186"},{"taxonomy":"product_tag","embeddable":true,"href":"https:\/\/flightcaselabels.design\/fr\/wp-json\/wp\/v2\/product_tag?post=186"}],"curies":[{"name":"wp","href":"https:\/\/api.w.org\/{rel}","templated":true}]}}